{"id":23,"date":"2017-03-16T07:41:25","date_gmt":"2017-03-16T07:41:25","guid":{"rendered":"https:\/\/tecdelta-serv.ro\/?page_id=23"},"modified":"2022-06-08T14:40:57","modified_gmt":"2022-06-08T14:40:57","slug":"acasa","status":"publish","type":"page","link":"https:\/\/tecdelta-serv.ro\/en\/","title":{"rendered":"Home"},"content":{"rendered":"<div class=\"home_banner\"><div class=\"home_banner_bg\">\n<img loading=\"lazy\" class=\"alignnone wp-image-646 size-full\" src=\"https:\/\/tecdelta-serv.ro\/wp-content\/uploads\/2017\/06\/escalator-elevator-accident-e1500971528259.jpg\" alt=\"\" width=\"1920\" height=\"1080\" srcset=\"https:\/\/tecdelta-serv.ro\/wp-content\/uploads\/2017\/06\/escalator-elevator-accident-e1500971528259.jpg 1920w, https:\/\/tecdelta-serv.ro\/wp-content\/uploads\/2017\/06\/escalator-elevator-accident-e1500971528259-300x169.jpg 300w, https:\/\/tecdelta-serv.ro\/wp-content\/uploads\/2017\/06\/escalator-elevator-accident-e1500971528259-768x432.jpg 768w, https:\/\/tecdelta-serv.ro\/wp-content\/uploads\/2017\/06\/escalator-elevator-accident-e1500971528259-1024x576.jpg 1024w\" sizes=\"(max-width: 1920px) 100vw, 1920px\" \/>\n<\/div><div class=\"home_banner_layer\"><\/div><div class=\"home_banner_con\"><div class=\"home_banner_text\"><h1>COMPLETE SERVICES<\/h1><p>ELEVATORS, PLATFORMS, COMPONENTS, SERVICES.<\/p><\/div><a class=\"home_banner_btn2\" href=\"\/produse\">PRODUCTS<\/a><a class=\"home_banner_btn\" href=\"\/contact\">CALL US<\/a><div id=\"home_banner_down\"><i class=\"fa fa-angle-double-down\" aria-hidden=\"true\"><\/i><\/div><\/div><\/div>\n<div id=\"section2\" class=\"home_service\">\t<div class=\"container\">\n<div class=\"service_wrapper\"> <div class=\"home_service_item\">\t <h2 class=\"service_item_title\"><img src=\"\"><span>LIFT PACKAGES<\/span><\/h2>  <div class=\"service_item_con\"><p>We offer you several modernization and installation packages.<\/p>\t  <a class=\"service_item_btn cool_btn\" href=\"\/produse\/pachete-modernizare-si-instalare\">More<\/a>  <\/div> <\/div><\/div>\n<div class=\"service_wrapper\"> <div class=\"home_service_item\">\t <h2 class=\"service_item_title\"><img src=\"\"><span>COMPONENTS<\/span><\/h2>  <div class=\"service_item_con\"><p>We offer a large range of components for elevators and platforms.<\/p>\t  <a class=\"service_item_btn cool_btn\" href=\"\/produse\/electrica\/\">Catalog<\/a>  <\/div> <\/div><\/div>\n<div class=\"service_wrapper\"> <div class=\"home_service_item\">\t <h2 class=\"service_item_title\"><img src=\"\"><span>PARKING PLATFORMS<\/span><\/h2>  <div class=\"service_item_con\"><p>Our services also include sale, installation and maintenance for parking platforms.<\/p>\t  <a class=\"service_item_btn cool_btn right\" href=\"Parking platforms\">Offers<\/a>  <\/div> <\/div><\/div>\n<div class=\"service_wrapper\"> <div class=\"home_service_item\">\t <h2 class=\"service_item_title\"><img src=\"\"><span>SERVICES<\/span><\/h2>  <div class=\"service_item_con\"><p>Through the wide range of services that we offer, we can provide installation, maintenance and repair for elevators and platforms, with actions<br \/>\ncarried out by our professionals.<\/p>\t  <a class=\"service_item_btn cool_btn right\" href=\"\/cargo-platforms-maintenance\/\">Services<\/a>  <\/div> <\/div><\/div>\n\t<\/div><\/div>\n<div class=\"home_description\">\t<div class=\"container\">\n\t\t<div class=\"description_wrapper\">\t\t\t<div class=\"description\">\t\t\t\t<h1 class=\"description_title\">BACKGROUND<\/h1>\t\t\t\t<h2 class=\"description_subtitle\">THIS IS OUR STORY<\/h2>\t\t\t\t\n<p>SC TOP TOTAL COM SRL is registered with the Trade Registry under no: J40 \/ 1800\/1996 and we are on the market since 1996 having as main activity: purchase, installation and service for new elevators, and maintenance, repair and modernization to any type of existing elevator, escalators and moving walkways, platforms of any type, storey car parks and garages and bunk swivel ideal for any space. The products we supply perfect fit customer demands are made according to European standards in force and provided by some of the most renowned manufacturers, including Alberto Sassi, Kleemann and Prisma Doors. The company has qualified professional staff, trained for design, installation of new elevators, but also for refurbishment, modernization, maintenance and repair for all types of lifting equipment. Our response teams are equipped with suitable facilities for quick intervention.<\/p>\n\t\t\t\t<a class=\"description_btn \"  href=\"\/despre-noi\">More<\/a>\t\t\t<\/div>\t\t<\/div>\n\t\t<div class=\"dif_wrapper\">\t\t\t<div class=\"dif\">\t\t\t\t<h1 class=\"dif_title\">WHY US?<\/h1>\n\t\t\t<div class=\"dif_item\">\t\t\t\t<div class=\"dif_item_title_sec\">\t\t\t\t\t<i class=\"fa fa-hourglass\" aria-hidden=\"true\"><\/i>\t\t\t\t\t<h2 class=\"dif_item_title\">EXPERIENCE<\/h2>\t\t\t\t<\/div>\t\t\t\t<p class=\"dif_item_text\">We are on the market from 1996.<\/p>\t\t\t<\/div>\n\t\t\t<div class=\"dif_item\">\t\t\t\t<div class=\"dif_item_title_sec\">\t\t\t\t\t<i class=\"fa fa-diamond\" aria-hidden=\"true\"><\/i>\t\t\t\t\t<h2 class=\"dif_item_title\">GUARANTEES<\/h2>\t\t\t\t<\/div>\t\t\t\t<p class=\"dif_item_text\">Various ISO certifications represented by European and Romanian standards put us on the list of premium suppliers and is a guarantee for our<br \/>\nbest services.<\/p>\t\t\t<\/div>\n\t\t\t<div class=\"dif_item\">\t\t\t\t<div class=\"dif_item_title_sec\">\t\t\t\t\t<i class=\"fa fa-refresh\" aria-hidden=\"true\"><\/i>\t\t\t\t\t<h2 class=\"dif_item_title\">COMPLETE SERVICES<\/h2>\t\t\t\t<\/div>\t\t\t\t<p class=\"dif_item_text\">We provide all the services required for a successful project. From complete elevators to separate components to consulting and installation services, maintenance and service.<\/p>\t\t\t<\/div>\n\t\t\t\t<a class=\"dif_btn\"  href=\"\/lucrari-de-referinta\">See all<\/a>\t\t\t<\/div>\t\t<\/div>\n\t<\/div><\/div>\n<div class=\"firstclient\">\t<div class=\"container\">\t\t<div class=\"firstclient_con\">\t\t\t<h2>FIRST  KLEEMANN Lift PARTNERS IN ROMANIA<\/h2>\t\t\t<p><br \/>\nWe are the first customers \/ partners Kleemann Lift in Romania!<\/p>\t\t<\/div>\t\t<div class=\"firstclient_logo\">\n<img loading=\"lazy\" class=\"alignnone wp-image-106 size-medium\" src=\"https:\/\/tecdelta-serv.ro\/wp-content\/uploads\/2017\/03\/logo_en-300x85.png\" alt=\"\" width=\"300\" height=\"85\" srcset=\"https:\/\/tecdelta-serv.ro\/wp-content\/uploads\/2017\/03\/logo_en-300x85.png 300w, https:\/\/tecdelta-serv.ro\/wp-content\/uploads\/2017\/03\/logo_en.png 326w\" sizes=\"(max-width: 300px) 100vw, 300px\" \/>\n\t\t<\/div>\t<\/div><\/div>\n<div class=\"testimonials\">\n<div class=\"testimonials_half\"><div class=\"testimonials_half_content\"><h1>TESTIMONIALS<\/h1><\/div>\n<div class=\"testimonials_half_content\"><div class=\"testimonials_quote\"><div class=\"testimonials_quote_text\">In scurt timp au dat dovada de flexibilitate si seriozitate, fapt care ne determina sa ne gandim la o colaborare de lunga durata.<\/div><div class=\"testimonials_quote_autor\">Ing Andrei STOICA,<\/div><div class=\"testimonials_quote_autor_desc\">Civil Work and H&amp;S Department ICME-ECAB<\/div><\/div><\/div>\n<div class=\"testimonials_half_content\"><div class=\"testimonials_quote\"><div class=\"testimonials_quote_text\">O echipa de profesionisti! Recomand cu incredere!<\/div><div class=\"testimonials_quote_autor\">Gina PARVU,<\/div><div class=\"testimonials_quote_autor_desc\">sef serviciu administrativ Spitalul Ioan Cantacuzino<\/div><\/div><\/div>\n<div class=\"testimonials_half_content\"><div class=\"testimonials_quote\"><div class=\"testimonials_quote_text\">TOP TOTAL COM SERVICE este compania pe care ne-am bazat cu \u00eencredere. Termenele propuse \u015fi rezultatele au fost pe m\u0103sura a\u015ftept\u0103rilor noastre. Recomand\u0103m TOP TOTAL pentru devotamentul cu care se implic\u0103 in proiecte.<\/div><div class=\"testimonials_quote_autor\"> Elvis DINU,<\/div><div class=\"testimonials_quote_autor_desc\">reprezentant RESIDENCE INN<\/div><\/div><\/div>\n<\/div>\n<div class=\"testimonials_half\"><div class=\"testimonials_half_content\"><h1>PORTFOLIO<\/h1><\/div>\n<div class=\"testimonials_half_wrapper\"><div class=\"testimonials_half_content\"><div class=\"testimonials_banner\"><div class=\"testimonials_banner_logo\">\n<img loading=\"lazy\" class=\"alignnone wp-image-131 size-full\" src=\"https:\/\/tecdelta-serv.ro\/wp-content\/uploads\/2017\/03\/logo-1.png\" alt=\"\" width=\"218\" height=\"81\" \/>\n<\/div><div class=\"testimonials_banner_text\">Modernization and maintenance of 3 lifts for passengers and cargo at the bread factory Titan, owned by the group Goodmills (Bucharest)<\/div><\/div><\/div><\/div>\n<div class=\"testimonials_half_wrapper\"><div class=\"testimonials_half_content\"><div class=\"testimonials_banner\"><div class=\"testimonials_banner_logo\">\n<img loading=\"lazy\" class=\"alignnone wp-image-128 size-full\" src=\"https:\/\/tecdelta-serv.ro\/wp-content\/uploads\/2017\/03\/Logo-HP-Header-1.png\" alt=\"\" width=\"147\" height=\"96\" \/>\n<\/div><div class=\"testimonials_banner_text\">Installation of cargo platforms for Carrefour, in different cities (Bucharest, Cluj, Fagaras, Sibiu, Timisoara)<\/div><\/div><\/div><\/div>\n<div class=\"testimonials_half_wrapper\"><div class=\"testimonials_half_content\"><div class=\"testimonials_banner\"><div class=\"testimonials_banner_logo\">\n<img loading=\"lazy\" class=\"alignnone wp-image-245 size-full\" src=\"https:\/\/tecdelta-serv.ro\/wp-content\/uploads\/2017\/03\/icme-logo.png\" alt=\"\" width=\"172\" height=\"40\" \/>\n<\/div><div class=\"testimonials_banner_text\">Modernization and maintenance of 3 lifts for passengers and cargo at ICME ECAB cables factory (Bucharest)<\/div><\/div><\/div><\/div>\n<\/div>\n<\/div>\n<div class=\"parteneri\"><div class=\"container\">\t<h1>PARTNERS<\/h1>\n<div class=\"parteneri_item\"><img loading=\"lazy\" class=\"alignnone size-medium wp-image-305\" src=\"https:\/\/tecdelta-serv.ro\/wp-content\/uploads\/2017\/03\/logo-2-300x129.jpg\" alt=\"\" width=\"300\" height=\"129\" srcset=\"https:\/\/tecdelta-serv.ro\/wp-content\/uploads\/2017\/03\/logo-2-300x129.jpg 300w, https:\/\/tecdelta-serv.ro\/wp-content\/uploads\/2017\/03\/logo-2.jpg 350w\" sizes=\"(max-width: 300px) 100vw, 300px\" \/><\/div>\n<div class=\"parteneri_item\"><img loading=\"lazy\" class=\"alignnone size-medium wp-image-306\" src=\"https:\/\/tecdelta-serv.ro\/wp-content\/uploads\/2017\/03\/logo11-300x129.jpg\" alt=\"\" width=\"300\" height=\"129\" srcset=\"https:\/\/tecdelta-serv.ro\/wp-content\/uploads\/2017\/03\/logo11-300x129.jpg 300w, https:\/\/tecdelta-serv.ro\/wp-content\/uploads\/2017\/03\/logo11.jpg 350w\" sizes=\"(max-width: 300px) 100vw, 300px\" \/><\/div>\n<div class=\"parteneri_item\"><img loading=\"lazy\" class=\"alignnone size-medium wp-image-307\" src=\"https:\/\/tecdelta-serv.ro\/wp-content\/uploads\/2017\/03\/logo33-300x129.jpg\" alt=\"\" width=\"300\" height=\"129\" srcset=\"https:\/\/tecdelta-serv.ro\/wp-content\/uploads\/2017\/03\/logo33-300x129.jpg 300w, https:\/\/tecdelta-serv.ro\/wp-content\/uploads\/2017\/03\/logo33.jpg 350w\" sizes=\"(max-width: 300px) 100vw, 300px\" \/><\/div>\n<\/div><\/div>","protected":false},"excerpt":{"rendered":"","protected":false},"author":2,"featured_media":0,"parent":0,"menu_order":0,"comment_status":"closed","ping_status":"closed","template":"custom-home.php","meta":[],"_links":{"self":[{"href":"https:\/\/tecdelta-serv.ro\/en\/wp-json\/wp\/v2\/pages\/23"}],"collection":[{"href":"https:\/\/tecdelta-serv.ro\/en\/wp-json\/wp\/v2\/pages"}],"about":[{"href":"https:\/\/tecdelta-serv.ro\/en\/wp-json\/wp\/v2\/types\/page"}],"author":[{"embeddable":true,"href":"https:\/\/tecdelta-serv.ro\/en\/wp-json\/wp\/v2\/users\/2"}],"replies":[{"embeddable":true,"href":"https:\/\/tecdelta-serv.ro\/en\/wp-json\/wp\/v2\/comments?post=23"}],"version-history":[{"count":225,"href":"https:\/\/tecdelta-serv.ro\/en\/wp-json\/wp\/v2\/pages\/23\/revisions"}],"predecessor-version":[{"id":2602,"href":"https:\/\/tecdelta-serv.ro\/en\/wp-json\/wp\/v2\/pages\/23\/revisions\/2602"}],"wp:attachment":[{"href":"https:\/\/tecdelta-serv.ro\/en\/wp-json\/wp\/v2\/media?parent=23"}],"curies":[{"name":"wp","href":"https:\/\/api.w.org\/{rel}","templated":true}]}}